{"id":86,"date":"2016-08-19T16:13:23","date_gmt":"2016-08-19T14:13:23","guid":{"rendered":"http:\/\/www2.betelforsamlingen.com\/?page_id=86"},"modified":"2025-10-20T19:11:57","modified_gmt":"2025-10-20T17:11:57","slug":"kontakt","status":"publish","type":"page","link":"http:\/\/www.betelforsamlingen.com\/index.php\/kontakt\/","title":{"rendered":"Kontakt"},"content":{"rendered":"<p><strong>Betelkyrkan i J\u00f6n\u00e5ker<\/strong><br \/>\nSkolv\u00e4gen 5<br \/>\n611 70 J\u00f6n\u00e5ker<\/p>\n<p><strong>E-post:<\/strong>\u00a0<a href=\"mailto:betelkyrkan@hotmail.com\">betelkyrkan@hotmail.com<\/a><\/p>\n<p>Kontakta oss g\u00e4rna:<\/p>\n<ul>\n<li>Pastor (pastor@betelforsamlingen.com, vakant)<\/li>\n<\/ul>\n<p><strong>F\u00f6rsamlingens styrelse best\u00e5r av:\u00a0<\/strong><\/p>\n<ul>\n<li>Josef Gustafsson, ordf\u00f6rande och kass\u00f6r byggnadskassan<\/li>\n<li>Lars Gustafsson, ledamot och kass\u00f6r f\u00f6rsamlingskassan<\/li>\n<li>Nichlas Flor\u00e9n, ledamot<\/li>\n<li>Bj\u00f6rn Malmkvist, ledamot<\/li>\n<\/ul>\n","protected":false},"excerpt":{"rendered":"<p>Betelkyrkan i J\u00f6n\u00e5ker Skolv\u00e4gen 5 611 70 J\u00f6n\u00e5ker E-post:\u00a0betelkyrkan@hotmail.com Kontakta oss g\u00e4rna: Pastor (pastor@betelforsamlingen.com, vakant) F\u00f6rsamlingens styrelse best\u00e5r av:\u00a0 Josef Gustafsson, ordf\u00f6rande och kass\u00f6r byggnadskassan Lars Gustafsson, ledamot och kass\u00f6r f\u00f6rsamlingskassan Nichlas Flor\u00e9n, ledamot Bj\u00f6rn Malmkvist, ledamot<\/p>\n","protected":false},"author":1,"featured_media":0,"parent":0,"menu_order":0,"comment_status":"closed","ping_status":"closed","template":"","meta":{"jetpack_post_was_ever_published":false,"footnotes":""},"class_list":["post-86","page","type-page","status-publish","hentry","ctfw-no-image"],"jetpack_sharing_enabled":true,"jetpack_shortlink":"https:\/\/wp.me\/P7ON5V-1o","jetpack-related-posts":[],"_links":{"self":[{"href":"http:\/\/www.betelforsamlingen.com\/index.php\/wp-json\/wp\/v2\/pages\/86","targetHints":{"allow":["GET"]}}],"collection":[{"href":"http:\/\/www.betelforsamlingen.com\/index.php\/wp-json\/wp\/v2\/pages"}],"about":[{"href":"http:\/\/www.betelforsamlingen.com\/index.php\/wp-json\/wp\/v2\/types\/page"}],"author":[{"embeddable":true,"href":"http:\/\/www.betelforsamlingen.com\/index.php\/wp-json\/wp\/v2\/users\/1"}],"replies":[{"embeddable":true,"href":"http:\/\/www.betelforsamlingen.com\/index.php\/wp-json\/wp\/v2\/comments?post=86"}],"version-history":[{"count":7,"href":"http:\/\/www.betelforsamlingen.com\/index.php\/wp-json\/wp\/v2\/pages\/86\/revisions"}],"predecessor-version":[{"id":8520,"href":"http:\/\/www.betelforsamlingen.com\/index.php\/wp-json\/wp\/v2\/pages\/86\/revisions\/8520"}],"wp:attachment":[{"href":"http:\/\/www.betelforsamlingen.com\/index.php\/wp-json\/wp\/v2\/media?parent=86"}],"curies":[{"name":"wp","href":"https:\/\/api.w.org\/{rel}","templated":true}]}}