{"id":29,"date":"2016-08-19T13:17:11","date_gmt":"2016-08-19T11:17:11","guid":{"rendered":"http:\/\/www2.betelforsamlingen.com\/index.php\/calendar\/"},"modified":"2016-08-19T13:33:58","modified_gmt":"2016-08-19T11:33:58","slug":"calendar","status":"publish","type":"page","link":"http:\/\/www.betelforsamlingen.com\/index.php\/calendar\/","title":{"rendered":"Kalender"},"content":{"rendered":"<p>H\u00e4r hittar du v\u00e5ra samlingar, m\u00f6ten och gudstj\u00e4nster. V\u00e4lkommen!<\/p>\n","protected":false},"excerpt":{"rendered":"<p>H\u00e4r hittar du v\u00e5ra samlingar, m\u00f6ten och gudstj\u00e4nster. V\u00e4lkommen!<\/p>\n","protected":false},"author":1,"featured_media":0,"parent":0,"menu_order":0,"comment_status":"closed","ping_status":"closed","template":"","meta":{"jetpack_post_was_ever_published":false,"footnotes":""},"class_list":["post-29","page","type-page","status-publish","hentry","ctfw-no-image"],"jetpack_sharing_enabled":true,"jetpack_shortlink":"https:\/\/wp.me\/P7ON5V-t","jetpack-related-posts":[],"_links":{"self":[{"href":"http:\/\/www.betelforsamlingen.com\/index.php\/wp-json\/wp\/v2\/pages\/29","targetHints":{"allow":["GET"]}}],"collection":[{"href":"http:\/\/www.betelforsamlingen.com\/index.php\/wp-json\/wp\/v2\/pages"}],"about":[{"href":"http:\/\/www.betelforsamlingen.com\/index.php\/wp-json\/wp\/v2\/types\/page"}],"author":[{"embeddable":true,"href":"http:\/\/www.betelforsamlingen.com\/index.php\/wp-json\/wp\/v2\/users\/1"}],"replies":[{"embeddable":true,"href":"http:\/\/www.betelforsamlingen.com\/index.php\/wp-json\/wp\/v2\/comments?post=29"}],"version-history":[{"count":4,"href":"http:\/\/www.betelforsamlingen.com\/index.php\/wp-json\/wp\/v2\/pages\/29\/revisions"}],"predecessor-version":[{"id":34,"href":"http:\/\/www.betelforsamlingen.com\/index.php\/wp-json\/wp\/v2\/pages\/29\/revisions\/34"}],"wp:attachment":[{"href":"http:\/\/www.betelforsamlingen.com\/index.php\/wp-json\/wp\/v2\/media?parent=29"}],"curies":[{"name":"wp","href":"https:\/\/api.w.org\/{rel}","templated":true}]}}