{"id":2861,"date":"2017-06-26T14:32:42","date_gmt":"2017-06-26T12:32:42","guid":{"rendered":"http:\/\/www2.betelforsamlingen.com\/?page_id=2861"},"modified":"2017-06-26T14:35:04","modified_gmt":"2017-06-26T12:35:04","slug":"hemgrupper","status":"publish","type":"page","link":"http:\/\/www.betelforsamlingen.com\/index.php\/kontakt\/hemgrupper\/","title":{"rendered":"Hemgrupper"},"content":{"rendered":"<p>Betelf\u00f6rsamlingen \u00e4r indelad i ett antal hemgrupper som m\u00f6ts f\u00f6r b\u00f6n, bibell\u00e4sning och gemenskap i hemmen.<\/p>\n<p>Mer information kommer!<\/p>\n","protected":false},"excerpt":{"rendered":"<p>Betelf\u00f6rsamlingen \u00e4r indelad i ett antal hemgrupper som m\u00f6ts f\u00f6r b\u00f6n, bibell\u00e4sning och gemenskap i hemmen. Mer information kommer!<\/p>\n","protected":false},"author":1,"featured_media":0,"parent":86,"menu_order":0,"comment_status":"closed","ping_status":"closed","template":"","meta":{"jetpack_post_was_ever_published":false,"footnotes":""},"class_list":["post-2861","page","type-page","status-publish","hentry","ctfw-no-image"],"jetpack_sharing_enabled":true,"jetpack_shortlink":"https:\/\/wp.me\/P7ON5V-K9","jetpack-related-posts":[],"_links":{"self":[{"href":"http:\/\/www.betelforsamlingen.com\/index.php\/wp-json\/wp\/v2\/pages\/2861","targetHints":{"allow":["GET"]}}],"collection":[{"href":"http:\/\/www.betelforsamlingen.com\/index.php\/wp-json\/wp\/v2\/pages"}],"about":[{"href":"http:\/\/www.betelforsamlingen.com\/index.php\/wp-json\/wp\/v2\/types\/page"}],"author":[{"embeddable":true,"href":"http:\/\/www.betelforsamlingen.com\/index.php\/wp-json\/wp\/v2\/users\/1"}],"replies":[{"embeddable":true,"href":"http:\/\/www.betelforsamlingen.com\/index.php\/wp-json\/wp\/v2\/comments?post=2861"}],"version-history":[{"count":3,"href":"http:\/\/www.betelforsamlingen.com\/index.php\/wp-json\/wp\/v2\/pages\/2861\/revisions"}],"predecessor-version":[{"id":2864,"href":"http:\/\/www.betelforsamlingen.com\/index.php\/wp-json\/wp\/v2\/pages\/2861\/revisions\/2864"}],"up":[{"embeddable":true,"href":"http:\/\/www.betelforsamlingen.com\/index.php\/wp-json\/wp\/v2\/pages\/86"}],"wp:attachment":[{"href":"http:\/\/www.betelforsamlingen.com\/index.php\/wp-json\/wp\/v2\/media?parent=2861"}],"curies":[{"name":"wp","href":"https:\/\/api.w.org\/{rel}","templated":true}]}}