{"id":2854,"date":"2017-06-26T13:55:31","date_gmt":"2017-06-26T11:55:31","guid":{"rendered":"http:\/\/www2.betelforsamlingen.com\/?page_id=2854"},"modified":"2017-06-26T13:55:31","modified_gmt":"2017-06-26T11:55:31","slug":"bibelstudier","status":"publish","type":"page","link":"http:\/\/www.betelforsamlingen.com\/index.php\/bibelstudier\/","title":{"rendered":"Bibelstudier"},"content":{"rendered":"<p>Under h\u00f6sten 2017 b\u00f6rjar vi med mer systematiska studier i Bibeln kring aktuella och tidl\u00f6sa \u00e4mnen. De \u00e4mnen som kommer att tas upp vid c:a 14 tillf\u00e4llen best\u00e4ms delvis i samr\u00e5d med f\u00f6rsamlingens \u00f6nskem\u00e5l. Har du en \u00f6nskan om att vi skall ta upp ett s\u00e4rskilt \u00e4mne? Maila dina f\u00f6rslag till <a href=\"mailto:info@betelforsamlingen.com\">info@betelforsamlingen.com<\/a> eller via sms till n\u00e5gon i \u00e4ldste.<\/p>\n<p>F\u00f6ljande prelimin\u00e4ra datum kommer vi att ha bibelstudierna i Betelkyrkan p\u00e5 s\u00f6ndagarna kl 18:00.<\/p>\n<p>Sept: 10, 17, 24<\/p>\n<p>Okt: 1, 8, 15, 22, 29<\/p>\n<p>Nov: 12, 19, 26<\/p>\n<p>Dec: 2, 10, 17<\/p>\n<p>Alla bibelstudierna l\u00e4ggs ut som ljudinspelningar i v\u00e5rt <a href=\"http:\/\/www2.betelforsamlingen.com\/index.php\/sermon-archive\/\">media-arkiv<\/a>, och i de fall det \u00e4r m\u00f6jligt \u00e4ven med skriftligt bakgrundmaterial.<\/p>\n","protected":false},"excerpt":{"rendered":"<p>Under h\u00f6sten 2017 b\u00f6rjar vi med mer systematiska studier i Bibeln kring aktuella och tidl\u00f6sa \u00e4mnen. De \u00e4mnen som kommer att tas upp vid c:a 14 tillf\u00e4llen best\u00e4ms delvis i samr\u00e5d med f\u00f6rsamlingens \u00f6nskem\u00e5l. Har du en \u00f6nskan om att vi skall ta upp ett s\u00e4rskilt \u00e4mne? Maila dina f\u00f6rslag till info@betelforsamlingen.com eller via sms till n\u00e5gon i \u00e4ldste. F\u00f6ljande prelimin\u00e4ra datum kommer vi att ha bibelstudierna i Betelkyrkan p\u00e5 s\u00f6ndagarna kl 18:00. Sept: 10, 17, 24 Okt: 1, 8, [&hellip;]<\/p>\n","protected":false},"author":1,"featured_media":0,"parent":0,"menu_order":0,"comment_status":"closed","ping_status":"closed","template":"","meta":{"jetpack_post_was_ever_published":false,"footnotes":""},"class_list":["post-2854","page","type-page","status-publish","hentry","ctfw-no-image"],"jetpack_sharing_enabled":true,"jetpack_shortlink":"https:\/\/wp.me\/P7ON5V-K2","jetpack-related-posts":[],"_links":{"self":[{"href":"http:\/\/www.betelforsamlingen.com\/index.php\/wp-json\/wp\/v2\/pages\/2854","targetHints":{"allow":["GET"]}}],"collection":[{"href":"http:\/\/www.betelforsamlingen.com\/index.php\/wp-json\/wp\/v2\/pages"}],"about":[{"href":"http:\/\/www.betelforsamlingen.com\/index.php\/wp-json\/wp\/v2\/types\/page"}],"author":[{"embeddable":true,"href":"http:\/\/www.betelforsamlingen.com\/index.php\/wp-json\/wp\/v2\/users\/1"}],"replies":[{"embeddable":true,"href":"http:\/\/www.betelforsamlingen.com\/index.php\/wp-json\/wp\/v2\/comments?post=2854"}],"version-history":[{"count":1,"href":"http:\/\/www.betelforsamlingen.com\/index.php\/wp-json\/wp\/v2\/pages\/2854\/revisions"}],"predecessor-version":[{"id":2858,"href":"http:\/\/www.betelforsamlingen.com\/index.php\/wp-json\/wp\/v2\/pages\/2854\/revisions\/2858"}],"wp:attachment":[{"href":"http:\/\/www.betelforsamlingen.com\/index.php\/wp-json\/wp\/v2\/media?parent=2854"}],"curies":[{"name":"wp","href":"https:\/\/api.w.org\/{rel}","templated":true}]}}