{"id":21,"date":"2016-08-19T13:06:21","date_gmt":"2016-08-19T11:06:21","guid":{"rendered":"http:\/\/www2.betelforsamlingen.com\/?page_id=21"},"modified":"2016-08-19T13:06:21","modified_gmt":"2016-08-19T11:06:21","slug":"betelhemmet","status":"publish","type":"page","link":"http:\/\/www.betelforsamlingen.com\/index.php\/betelhemmet\/","title":{"rendered":"Betelhemmet"},"content":{"rendered":"<p>Betelhemmet \u00e4r ett litet, lantligt \u00e4ldreboende i J\u00f6n\u00e5ker som ligger\u00a01,5 mil s\u00f6der om Nyk\u00f6ping. Hemmet grundades 1993 av Helge och Karin Lundborg som hade en genuin k\u00e4rlek och omtanke f\u00f6r\u00a0\u00e4ldre. Deras vision var att skapa ett gemytligt \u00e4ldreboende med hemk\u00e4nsla och v\u00e4rme utifr\u00e5n kristna v\u00e4rderingar.<\/p>\n<p>Idag drivs boendet av\u00a0Betelf\u00f6rsamlingen i J\u00f6n\u00e5ker som huvudman med Nyk\u00f6pings kommun som uppdragsgivare. Fortfarande r\u00e5der\u00a0Helge och Karins anda i verksamheten.<\/p>\n<p><strong>Bes\u00f6k Betelhemmets egen hemsida:<\/strong>\u00a0<a href=\"http:\/\/betelhemmet.se\/\" target=\"_blank\">www.betelhemmet.se<\/a><\/p>\n","protected":false},"excerpt":{"rendered":"<p>Betelhemmet \u00e4r ett litet, lantligt \u00e4ldreboende i J\u00f6n\u00e5ker som ligger\u00a01,5 mil s\u00f6der om Nyk\u00f6ping. Hemmet grundades 1993 av Helge och Karin Lundborg som hade en genuin k\u00e4rlek och omtanke f\u00f6r\u00a0\u00e4ldre. Deras vision var att skapa ett gemytligt \u00e4ldreboende med hemk\u00e4nsla och v\u00e4rme utifr\u00e5n kristna v\u00e4rderingar. Idag drivs boendet av\u00a0Betelf\u00f6rsamlingen i J\u00f6n\u00e5ker som huvudman med Nyk\u00f6pings kommun som uppdragsgivare. Fortfarande r\u00e5der\u00a0Helge och Karins anda i verksamheten. Bes\u00f6k Betelhemmets egen hemsida:\u00a0www.betelhemmet.se<\/p>\n","protected":false},"author":1,"featured_media":0,"parent":0,"menu_order":0,"comment_status":"closed","ping_status":"closed","template":"","meta":{"jetpack_post_was_ever_published":false,"footnotes":""},"class_list":["post-21","page","type-page","status-publish","hentry","ctfw-no-image"],"jetpack_sharing_enabled":true,"jetpack_shortlink":"https:\/\/wp.me\/P7ON5V-l","jetpack-related-posts":[],"_links":{"self":[{"href":"http:\/\/www.betelforsamlingen.com\/index.php\/wp-json\/wp\/v2\/pages\/21","targetHints":{"allow":["GET"]}}],"collection":[{"href":"http:\/\/www.betelforsamlingen.com\/index.php\/wp-json\/wp\/v2\/pages"}],"about":[{"href":"http:\/\/www.betelforsamlingen.com\/index.php\/wp-json\/wp\/v2\/types\/page"}],"author":[{"embeddable":true,"href":"http:\/\/www.betelforsamlingen.com\/index.php\/wp-json\/wp\/v2\/users\/1"}],"replies":[{"embeddable":true,"href":"http:\/\/www.betelforsamlingen.com\/index.php\/wp-json\/wp\/v2\/comments?post=21"}],"version-history":[{"count":2,"href":"http:\/\/www.betelforsamlingen.com\/index.php\/wp-json\/wp\/v2\/pages\/21\/revisions"}],"predecessor-version":[{"id":3742,"href":"http:\/\/www.betelforsamlingen.com\/index.php\/wp-json\/wp\/v2\/pages\/21\/revisions\/3742"}],"wp:attachment":[{"href":"http:\/\/www.betelforsamlingen.com\/index.php\/wp-json\/wp\/v2\/media?parent=21"}],"curies":[{"name":"wp","href":"https:\/\/api.w.org\/{rel}","templated":true}]}}