{"id":1788,"date":"2016-09-16T14:59:34","date_gmt":"2016-09-16T12:59:34","guid":{"rendered":"http:\/\/www2.betelforsamlingen.com\/?page_id=1788"},"modified":"2016-09-16T14:59:34","modified_gmt":"2016-09-16T12:59:34","slug":"prenumerera-pa-var-kalender-i-din-mobil","status":"publish","type":"page","link":"http:\/\/www.betelforsamlingen.com\/index.php\/calendar\/prenumerera-pa-var-kalender-i-din-mobil\/","title":{"rendered":"Prenumerera p\u00e5 v\u00e5r kalender i din mobil"},"content":{"rendered":"<h1 class=\"resurrect-entry-title resurrect-main-title\">IOS<\/h1>\n<div class=\"resurrect-entry-content resurrect-clearfix\">\n<p>G\u00e5 till v\u00e5r kalendersida\u00a0och tryck p\u00e5 prenumerera. Ibland ger dock iOS-enheter felaktiga tidpunkter p\u00e5 de importerade h\u00e4ndelserna. F\u00f6lj d\u00e5 ist\u00e4llet dessa instruktioner p\u00e5 din iPhone\/iPad:<\/p>\n<ul>\n<li>G\u00e5 till Inst\u00e4llningar<\/li>\n<li>G\u00e5 till Epost, kontakter, kalendrar<\/li>\n<li>V\u00e4lj L\u00e4gg till konto<\/li>\n<li>V\u00e4lj Annat<\/li>\n<li>L\u00e4gg till Prenumererad kalender<\/li>\n<li>Skriv server som calendar.google.com\/calendar\/ical\/planering@betelforsamlingen.com\/public\/basic.ics<\/li>\n<li>Tryck Klar och Spara<\/li>\n<\/ul>\n<h1>ANDROID<\/h1>\n<p>G\u00e5 till v\u00e5r kalendersida\u00a0och tryck p\u00e5 Prenumerera i Google-kalender.<\/p>\n<\/div>\n","protected":false},"excerpt":{"rendered":"<p>IOS G\u00e5 till v\u00e5r kalendersida\u00a0och tryck p\u00e5 prenumerera. Ibland ger dock iOS-enheter felaktiga tidpunkter p\u00e5 de importerade h\u00e4ndelserna. F\u00f6lj d\u00e5 ist\u00e4llet dessa instruktioner p\u00e5 din iPhone\/iPad: G\u00e5 till Inst\u00e4llningar G\u00e5 till Epost, kontakter, kalendrar V\u00e4lj L\u00e4gg till konto V\u00e4lj Annat L\u00e4gg till Prenumererad kalender Skriv server som calendar.google.com\/calendar\/ical\/planering@betelforsamlingen.com\/public\/basic.ics Tryck Klar och Spara ANDROID G\u00e5 till v\u00e5r kalendersida\u00a0och tryck p\u00e5 Prenumerera i Google-kalender.<\/p>\n","protected":false},"author":1,"featured_media":0,"parent":29,"menu_order":0,"comment_status":"closed","ping_status":"closed","template":"","meta":{"jetpack_post_was_ever_published":false,"footnotes":""},"class_list":["post-1788","page","type-page","status-publish","hentry","ctfw-no-image"],"jetpack_sharing_enabled":true,"jetpack_shortlink":"https:\/\/wp.me\/P7ON5V-sQ","jetpack-related-posts":[],"_links":{"self":[{"href":"http:\/\/www.betelforsamlingen.com\/index.php\/wp-json\/wp\/v2\/pages\/1788","targetHints":{"allow":["GET"]}}],"collection":[{"href":"http:\/\/www.betelforsamlingen.com\/index.php\/wp-json\/wp\/v2\/pages"}],"about":[{"href":"http:\/\/www.betelforsamlingen.com\/index.php\/wp-json\/wp\/v2\/types\/page"}],"author":[{"embeddable":true,"href":"http:\/\/www.betelforsamlingen.com\/index.php\/wp-json\/wp\/v2\/users\/1"}],"replies":[{"embeddable":true,"href":"http:\/\/www.betelforsamlingen.com\/index.php\/wp-json\/wp\/v2\/comments?post=1788"}],"version-history":[{"count":1,"href":"http:\/\/www.betelforsamlingen.com\/index.php\/wp-json\/wp\/v2\/pages\/1788\/revisions"}],"predecessor-version":[{"id":1789,"href":"http:\/\/www.betelforsamlingen.com\/index.php\/wp-json\/wp\/v2\/pages\/1788\/revisions\/1789"}],"up":[{"embeddable":true,"href":"http:\/\/www.betelforsamlingen.com\/index.php\/wp-json\/wp\/v2\/pages\/29"}],"wp:attachment":[{"href":"http:\/\/www.betelforsamlingen.com\/index.php\/wp-json\/wp\/v2\/media?parent=1788"}],"curies":[{"name":"wp","href":"https:\/\/api.w.org\/{rel}","templated":true}]}}