{"id":1719,"date":"2016-08-22T10:35:12","date_gmt":"2016-08-22T08:35:12","guid":{"rendered":"http:\/\/www2.betelforsamlingen.com\/?page_id=1719"},"modified":"2020-01-30T18:40:30","modified_gmt":"2020-01-30T17:40:30","slug":"gudstjanster","status":"publish","type":"page","link":"http:\/\/www.betelforsamlingen.com\/index.php\/gudstjanster\/","title":{"rendered":"Gudstj\u00e4nster"},"content":{"rendered":"<p>Vi m\u00f6ts s\u00f6ndagar kl 11 till gudstj\u00e4nster i Betelkyrkan, J\u00f6n\u00e5ker. M\u00e5let f\u00f6r v\u00e5ra gudtj\u00e4nster \u00e4r att alla v\u00e5ra bes\u00f6kare skall k\u00e4nna sig v\u00e4lkomna och f\u00e5 h\u00f6ra Guds Ord och evangeliet om Jesus Kristus.<\/p>\n<p>Varmt v\u00e4lkommen!<\/p>\n","protected":false},"excerpt":{"rendered":"<p>Vi m\u00f6ts s\u00f6ndagar kl 11 till gudstj\u00e4nster i Betelkyrkan, J\u00f6n\u00e5ker. M\u00e5let f\u00f6r v\u00e5ra gudtj\u00e4nster \u00e4r att alla v\u00e5ra bes\u00f6kare skall k\u00e4nna sig v\u00e4lkomna och f\u00e5 h\u00f6ra Guds Ord och evangeliet om Jesus Kristus. Varmt v\u00e4lkommen!<\/p>\n","protected":false},"author":1,"featured_media":0,"parent":0,"menu_order":0,"comment_status":"closed","ping_status":"closed","template":"","meta":{"jetpack_post_was_ever_published":false,"footnotes":""},"class_list":["post-1719","page","type-page","status-publish","hentry","ctfw-no-image"],"jetpack_sharing_enabled":true,"jetpack_shortlink":"https:\/\/wp.me\/P7ON5V-rJ","jetpack-related-posts":[],"_links":{"self":[{"href":"http:\/\/www.betelforsamlingen.com\/index.php\/wp-json\/wp\/v2\/pages\/1719","targetHints":{"allow":["GET"]}}],"collection":[{"href":"http:\/\/www.betelforsamlingen.com\/index.php\/wp-json\/wp\/v2\/pages"}],"about":[{"href":"http:\/\/www.betelforsamlingen.com\/index.php\/wp-json\/wp\/v2\/types\/page"}],"author":[{"embeddable":true,"href":"http:\/\/www.betelforsamlingen.com\/index.php\/wp-json\/wp\/v2\/users\/1"}],"replies":[{"embeddable":true,"href":"http:\/\/www.betelforsamlingen.com\/index.php\/wp-json\/wp\/v2\/comments?post=1719"}],"version-history":[{"count":3,"href":"http:\/\/www.betelforsamlingen.com\/index.php\/wp-json\/wp\/v2\/pages\/1719\/revisions"}],"predecessor-version":[{"id":4644,"href":"http:\/\/www.betelforsamlingen.com\/index.php\/wp-json\/wp\/v2\/pages\/1719\/revisions\/4644"}],"wp:attachment":[{"href":"http:\/\/www.betelforsamlingen.com\/index.php\/wp-json\/wp\/v2\/media?parent=1719"}],"curies":[{"name":"wp","href":"https:\/\/api.w.org\/{rel}","templated":true}]}}