{"id":15,"date":"2016-08-19T13:03:42","date_gmt":"2016-08-19T11:03:42","guid":{"rendered":"http:\/\/www2.betelforsamlingen.com\/?page_id=15"},"modified":"2016-08-19T16:09:19","modified_gmt":"2016-08-19T14:09:19","slug":"om-oss","status":"publish","type":"page","link":"http:\/\/www.betelforsamlingen.com\/index.php\/om-oss\/","title":{"rendered":"Om oss"},"content":{"rendered":"<p>Vi \u00e4r en kristen f\u00f6rsamling som finns i S\u00f6rmland, mitt i Kiladalen. P\u00e5 den h\u00e4r sidan finns information om v\u00e5rt arbete och de samlingar och m\u00f6ten vi arrangerar. Vi har sj\u00e4lva upplevt tron p\u00e5 Gud och relationen\u00a0med honom och d\u00e4rf\u00f6r \u00e4r budskapet om honom och hans son Jesus centralt i allt v\u00e5rt arbete.<\/p>\n<p>Vi tror att varje m\u00e4nniska \u00e4r skapad av Gud till hans avbild och d\u00e4rf\u00f6r \u00e4r du och jag viktiga p\u00e5 v\u00e5r jord. Du \u00e4r v\u00e4rdefull och viktig och det finns en uppgift f\u00f6r dig som bara du kan utf\u00f6ra. V\u00e5rt arbete syftar till att st\u00f6tta, uppmuntra och hj\u00e4lpa\u00a0varje person som vill ta reda p\u00e5 vem Gud \u00e4r och vad han kan g\u00f6ra idag.<\/p>\n<p>K\u00e4rleken till Jesus, bibelordet och ett dop i den helige Ande fick en skara troende att bilda Betelf\u00f6rsamlingen v\u00e5ren 1923. Deras l\u00e4ngtan var, som \u00e4n idag \u00e4r, att f\u00f6rkunna det fulla evangeliet.<\/p>\n<p>Musiken har en stor plats i v\u00e5r kyrka. B\u00f6n och lovs\u00e5ng ger oss n\u00e4ring att f\u00e5 k\u00e4nna Guds gemenskap och gl\u00e4dje till varandra. V\u00e5r l\u00e4ngtan \u00e4r att f\u00e5 f\u00f6rkunna bibelns budskap f\u00f6r alla \u00e5ldrar. V\u00e5r ambition \u00e4r att f\u00e5 vara en m\u00f6tesplats och sprida Jesu k\u00e4rlek till alla m\u00e4nniskor h\u00e4r i Kiladalen.<\/p>\n","protected":false},"excerpt":{"rendered":"<p>Vi \u00e4r en kristen f\u00f6rsamling som finns i S\u00f6rmland, mitt i Kiladalen. P\u00e5 den h\u00e4r sidan finns information om v\u00e5rt arbete och de samlingar och m\u00f6ten vi arrangerar. Vi har sj\u00e4lva upplevt tron p\u00e5 Gud och relationen\u00a0med honom och d\u00e4rf\u00f6r \u00e4r budskapet om honom och hans son Jesus centralt i allt v\u00e5rt arbete. Vi tror att varje m\u00e4nniska \u00e4r skapad av Gud till hans avbild och d\u00e4rf\u00f6r \u00e4r du och jag viktiga p\u00e5 v\u00e5r jord. Du \u00e4r v\u00e4rdefull och viktig [&hellip;]<\/p>\n","protected":false},"author":1,"featured_media":16,"parent":0,"menu_order":0,"comment_status":"closed","ping_status":"closed","template":"","meta":{"jetpack_post_was_ever_published":false,"footnotes":""},"class_list":["post-15","page","type-page","status-publish","has-post-thumbnail","hentry","ctfw-has-image"],"jetpack_sharing_enabled":true,"jetpack_shortlink":"https:\/\/wp.me\/P7ON5V-f","jetpack-related-posts":[],"_links":{"self":[{"href":"http:\/\/www.betelforsamlingen.com\/index.php\/wp-json\/wp\/v2\/pages\/15","targetHints":{"allow":["GET"]}}],"collection":[{"href":"http:\/\/www.betelforsamlingen.com\/index.php\/wp-json\/wp\/v2\/pages"}],"about":[{"href":"http:\/\/www.betelforsamlingen.com\/index.php\/wp-json\/wp\/v2\/types\/page"}],"author":[{"embeddable":true,"href":"http:\/\/www.betelforsamlingen.com\/index.php\/wp-json\/wp\/v2\/users\/1"}],"replies":[{"embeddable":true,"href":"http:\/\/www.betelforsamlingen.com\/index.php\/wp-json\/wp\/v2\/comments?post=15"}],"version-history":[{"count":2,"href":"http:\/\/www.betelforsamlingen.com\/index.php\/wp-json\/wp\/v2\/pages\/15\/revisions"}],"predecessor-version":[{"id":85,"href":"http:\/\/www.betelforsamlingen.com\/index.php\/wp-json\/wp\/v2\/pages\/15\/revisions\/85"}],"wp:featuredmedia":[{"embeddable":true,"href":"http:\/\/www.betelforsamlingen.com\/index.php\/wp-json\/wp\/v2\/media\/16"}],"wp:attachment":[{"href":"http:\/\/www.betelforsamlingen.com\/index.php\/wp-json\/wp\/v2\/media?parent=15"}],"curies":[{"name":"wp","href":"https:\/\/api.w.org\/{rel}","templated":true}]}}